{"id":166,"date":"2019-10-11T12:00:15","date_gmt":"2019-10-11T12:00:15","guid":{"rendered":"https:\/\/alma.educell.sk\/en\/?page_id=166"},"modified":"2019-10-11T12:09:48","modified_gmt":"2019-10-11T12:09:48","slug":"program","status":"publish","type":"page","link":"https:\/\/alma.educell.sk\/en\/index.php\/program\/","title":{"rendered":"Program"},"content":{"rendered":"<p>[vc_row full_width=&#8221;stretch_row&#8221; css=&#8221;.vc_custom_1452072404509{margin-bottom: 80px !important;}&#8221;][vc_column]<div class=\"eventum-schedules layout-addon schedules-list \"><div class=\"eventum-schedule\"><div class=\"row\"><div class=\"col-xs-3 col-sm-2\"><div class=\"scedule-date\">16 <span>october, 2019<\/span><\/div><\/div><div class=\"col-xs-9 col-sm-10\"><div class=\"table-responsive\"><table class=\"table table-hover\"><thead><tr><th>Session I.<\/th><th>Lecture \/ Activity<\/th><th>Speaker(s)<\/th><th>Time<\/th><th>Venue<\/th><\/tr><\/thead><tbody><tr><td>1<\/td><td width=\"40%\">Registration +  coffee<\/td><td width=\"25%\"><\/td><td width=\"20%\">8:00<\/td><td>Lobby + locker room<\/td><\/tr><tr><td>2<\/td><td width=\"40%\">Opening ceremony + Invitation <\/td><td width=\"25%\"><\/td><td width=\"20%\">8:45<\/td><td>Conference hall<\/td><\/tr><tr><td>3<\/td><td width=\"40%\"> INTRODUCTORY LECTURE: CHANGING PICTURES: DETERMINING THE ORIGINAL APPEARANCE OF 17th CENTURY DUTCH PAINTINGS<\/td><td width=\"25%\"><a class=\"speaker\" href=\"https:\/\/alma.educell.sk\/en\/index.php\/speaker\/margriet-van-eikema-hommes\/\">Margriet van Eikema Hommes<\/a> <\/td><td width=\"20%\">9:00<\/td><td>Conference hall<\/td><\/tr><tr><td>4<\/td><td width=\"40%\">ORIGINAL COLOUR \u2013 ONE OF KEYS FOR INTERPRETATION OF MEDIAEVAL ARTWORKS<\/td><td width=\"25%\"><a class=\"speaker\" href=\"https:\/\/alma.educell.sk\/en\/index.php\/speaker\/jitka-srejberova-janka-hradilova\/\">Jitka \u0160rejberov\u00e1, Janka Hradilov\u00e1<\/a> <\/td><td width=\"20%\">10:00<\/td><td>Conference hall<\/td><\/tr><tr><td>5<\/td><td width=\"40%\">ORIGINAL COLOURS AND PAINTING TECHNIQUES OF TWO 17th CENTURY POST-BYZANTINE ICONS<\/td><td width=\"25%\"><a class=\"speaker\" href=\"https:\/\/alma.educell.sk\/en\/index.php\/speaker\/cristina-serendan-ciprian-firea-simina-isvanca-alexandru-chelmus\/\">Cristina Serendan, Ciprian Firea, Simina I\u0219vanca, Alexandru Chelmu\u0219<\/a> <\/td><td width=\"20%\">10:30<\/td><td>Conference hall<\/td><\/tr><tr><td>6<\/td><td width=\"40%\">Coffee break<\/td><td width=\"25%\"><\/td><td width=\"20%\">11:10 - 11:30<\/td><td><\/td><\/tr><tr><td>7<\/td><td width=\"40%\">REVEALING ORIGINAL COLOURS OF \u00bbALLEGORY OF TRADE\u00ab MURAL PAINTING<\/td><td width=\"25%\"><a class=\"speaker\" href=\"https:\/\/alma.educell.sk\/en\/index.php\/speaker\/polonca-ropret-masa-kavcic-klara-retko-lea-legan\/\">Polonca Ropret, Ma\u0161a Kav\u010di\u010d, Klara Retko, Lea Legan<\/a> <\/td><td width=\"20%\">11:30<\/td><td>Conference hall<\/td><\/tr><tr><td>8<\/td><td width=\"40%\">CHANGING AND DISAPPEARING COLOURS IN MEDIAEVAL WALL PAINTINGS \u2013 EXAMPLE OF SELECTED SLOVAK MURALS AROUND 1400 <\/td><td width=\"25%\"><a class=\"speaker\" href=\"https:\/\/alma.educell.sk\/en\/index.php\/speaker\/anabelle-kriznar-jana-zelinska\/\">Anabelle Kri\u017enar, Jana \u017delinsk\u00e1<\/a> <\/td><td width=\"20%\">12:10<\/td><td>Conference hall<\/td><\/tr><tr><td>9<\/td><td width=\"40%\"> MINERAL TRANSFORMATION RELATED COLOUR CHANGES OF MEDIAEVAL WALL PAINTING IN TRANSYLVANIA<\/td><td width=\"25%\"><a class=\"speaker\" href=\"https:\/\/alma.educell.sk\/en\/index.php\/speaker\/eva-galambos-akos-torok-erika-nemes-zsuzsanna-vali\/\">\u00c9va Galambos, \u00c1kos T\u00f6r\u00f6k, Erika Nemes, Zsuzsanna V\u00e1li<\/a> <\/td><td width=\"20%\">12:40<\/td><td>Conference hall<\/td><\/tr><tr><td>10<\/td><td width=\"40%\">Lunch break<\/td><td width=\"25%\"><\/td><td width=\"20%\">13:10 - 14:00<\/td><td>Blue Study Room<\/td><\/tr><tr><td>11<\/td><td width=\"40%\">MULTI ANALYTICAL STUDY OF THE SILVER INK CORROSION OF THE VIENNA GENESIS<\/td><td width=\"25%\"><a class=\"speaker\" href=\"https:\/\/alma.educell.sk\/en\/index.php\/speaker\/antonia-malissa-sophie-rabitsch-klaudia-hradil-rudolf-erlach-christa-hofmann-katharina-uhlir-and-martina-grieser\/\">Antonia Malissa, Sophie Rabitsch, Klaudia Hradil, Rudolf Erlach, Christa Hofmann, Katharina Uhlir and Martina Grie\u00dfer<\/a> <\/td><td width=\"20%\">14:00<\/td><td>Conference hall<\/td><\/tr><tr><td>12<\/td><td width=\"40%\">SAPONIFICATION IN PAINTINGS I: SYMPTOMS AND COMPOSITION OF LEAD SOAPS<\/td><td width=\"25%\"><a class=\"speaker\" href=\"https:\/\/alma.educell.sk\/en\/index.php\/speaker\/silvie-svarcova-eva-koci-janka-hradilova-silvia-garrappa-petr-bezdicka-david-hradil\/\">Silvie \u0160varcov\u00e1, Eva Ko\u010d\u00ed, Janka Hradilov\u00e1, Silvia Garrappa, Petr Bezdi\u010dka, David Hradil<\/a> <\/td><td width=\"20%\">14:30<\/td><td>Conference hall<\/td><\/tr><tr><td>13<\/td><td width=\"40%\">SAPONIFICATION IN PAINTINGS II: THE ROLE OF HUMIDITY<\/td><td width=\"25%\"><a class=\"speaker\" href=\"https:\/\/alma.educell.sk\/en\/index.php\/speaker\/silvia-garrappa-eva-koci-silvie-svarcova-petr-bezdicka-janka-hradilova-david-hradil\/\">Silvia Garrappa, Eva Ko\u010d\u00ed, Silvie \u0160varcov\u00e1, Petr Bezdi\u010dka, Janka Hradilov\u00e1, David Hradil<\/a> <\/td><td width=\"20%\">15:00<\/td><td>Conference hall<\/td><\/tr><tr><td>14<\/td><td width=\"40%\">DEPENDENT ON PIGMENT OR BINDER STABILITY?<\/td><td width=\"25%\"><a class=\"speaker\" href=\"https:\/\/alma.educell.sk\/en\/index.php\/speaker\/valentina-pintus-manfred-schreiner\/\">Valentina Pintus, Manfred Schreiner<\/a> <\/td><td width=\"20%\">15:30 <\/td><td>Conference hall<\/td><\/tr><tr><td>15<\/td><td width=\"40%\">Coffee to go<\/td><td width=\"25%\"><\/td><td width=\"20%\">16:00 <\/td><td><\/td><\/tr><tr><td>16<\/td><td width=\"40%\">Excursions (Cabinet of Manuscripts and Rare Prints at University Library or Chatam Sof\u00e9r Monument)<\/td><td width=\"25%\"><\/td><td width=\"20%\">16:00 - 18:00<\/td><td><\/td><\/tr><\/tbody><\/table><\/div><\/div><\/div><\/div><\/div>[vc_empty_space height=&#8221;100px&#8221;]<div class=\"eventum-schedules layout-addon schedules-list \"><div class=\"eventum-schedule\"><div class=\"row\"><div class=\"col-xs-3 col-sm-2\"><div class=\"scedule-date\">17 <span>october, 2019<\/span><\/div><\/div><div class=\"col-xs-9 col-sm-10\"><div class=\"table-responsive\"><table class=\"table table-hover\"><thead><tr><th>Session II.<\/th><th>Lecture \/ Activity<\/th><th>Speaker(s)<\/th><th>Time<\/th><th>Venue<\/th><\/tr><\/thead><tbody><tr><td>1<\/td><td width=\"40%\"> INTRODUCTORY LECTURE: COLOUR AS A TASK. SOME TOPICS CONCERNING AUTHENTICITY, ORIGINALITY AND AESHETIC ASPECTS ON EXAMPLE OF SEVERAL CONSERVATION RESTORATION PROJECTS<\/td><td width=\"25%\"><a class=\"speaker\" href=\"https:\/\/alma.educell.sk\/en\/index.php\/speaker\/marcin-kozarzewski\/\">Marcin Kozarzewski<\/a> <\/td><td width=\"20%\">9:00<\/td><td>Conference hall<\/td><\/tr><tr><td>2<\/td><td width=\"40%\">WHEN COLOUR IS MORE THAN PIGMENTS \u2013 THE CHALLENGES OF RESTORING COLOUR SCHEMES OF ARCHITECTURAL ENSEMBLES<\/td><td width=\"25%\"><a class=\"speaker\" href=\"https:\/\/alma.educell.sk\/en\/index.php\/speaker\/andrea-urland-eva-sperka\/\">Andrea Urland, Eva \u0160perka<\/a> <\/td><td width=\"20%\">10:00<\/td><td>Conference hall<\/td><\/tr><tr><td>3<\/td><td width=\"40%\">DEVELOPING A CONSERVATION SCHEME FOR THE RETOUCHING OF FLUORESCENT PAINTINGS: THE CASE STUDY OF H. LAMBERT<\/td><td width=\"25%\"><a class=\"speaker\" href=\"https:\/\/alma.educell.sk\/en\/index.php\/speaker\/konstantinos-stoupathis\/\">Konstantinos Stoupathis<\/a> <\/td><td width=\"20%\">10:40<\/td><td>Conference hall<\/td><\/tr><tr><td>4<\/td><td width=\"40%\">Coffee break<\/td><td width=\"25%\"><\/td><td width=\"20%\">11:10 - 11:30<\/td><td><\/td><\/tr><tr><td>5<\/td><td width=\"40%\">BRIDGING THE GAP IN CULTURAL HERITAGE COMMUNICATION BY COLOUR RECONSTRUCTION \u2013 SHARING EXPERIENCES IN CONSERVATION<\/td><td width=\"25%\"><a class=\"speaker\" href=\"https:\/\/alma.educell.sk\/en\/index.php\/speaker\/aldona-jedrusik\/\">Aldona J\u0119drusik<\/a> <\/td><td width=\"20%\">11:30<\/td><td>Conference hall<\/td><\/tr><tr><td>6<\/td><td width=\"40%\">JAN CYBIS, LEADER OF THE COLOURISTS PAINTERS\u2019 GROUP \u2013 MASTER OF COLOUR OR TEXTURE. ANYLYSIS OF THE ARTIST\u2019S PAINTING TECHNIQUE USING SPECTROSCOPIC METHODS<\/td><td width=\"25%\"><a class=\"speaker\" href=\"https:\/\/alma.educell.sk\/en\/index.php\/speaker\/anna-klisinska-kopacz-michal-obarzanowski-paulina-krupska-julio-del-hoyo-melendez\/\">Anna Klisi\u0144ska-Kopacz, Micha\u0142 Obarzanowski, Paulina Krupska, Julio del Hoyo Melendez<\/a> <\/td><td width=\"20%\">12:00<\/td><td>Conference hall<\/td><\/tr><tr><td>7<\/td><td width=\"40%\"> NEW TECHNIQUES ON AN OLD BELT (with practical workshop)<\/td><td width=\"25%\"><a class=\"speaker\" href=\"https:\/\/alma.educell.sk\/en\/index.php\/speaker\/tomasz-lojewski-joanna-lydzba-kopczynska\/\">Tomasz \u0141ojewski, Joanna \u0141yd\u017cba-Kopczy\u0144ska<\/a> <\/td><td width=\"20%\">12:30<\/td><td>Conference hall<\/td><\/tr><tr><td>8<\/td><td width=\"40%\">Lunch break<\/td><td width=\"25%\"><\/td><td width=\"20%\">13:10 - 14:00<\/td><td>Blue Study Room<\/td><\/tr><tr><td>9<\/td><td width=\"40%\"> INTERDISCIPLINARY RESEARCH INTO THE PAINTING TECHNIQUE OF JOSEF CEREGETTI <\/td><td width=\"25%\"><a class=\"speaker\" href=\"https:\/\/alma.educell.sk\/en\/index.php\/speaker\/lubos-machacko\/\">Lubo\u0161 Macha\u010dko<\/a> <\/td><td width=\"20%\">14:00<\/td><td>Conference hall<\/td><\/tr><tr><td>10<\/td><td width=\"40%\"> ECCE COLOUR \u2014 OVERPAINTINGS, THEIR REMOVAL AND HUMAN FACTOR<\/td><td width=\"25%\"><a class=\"speaker\" href=\"https:\/\/alma.educell.sk\/en\/index.php\/speaker\/martin-sugar\/\">Martin \u0160ug\u00e1r<\/a> <\/td><td width=\"20%\">14:30<\/td><td>Conference hall<\/td><\/tr><tr><td>11<\/td><td width=\"40%\">PRESENTATION OF STRATEGY AV21: DIAGNOSTIC METHODS AND TECHNIQUES<\/td><td width=\"25%\"><\/td><td width=\"20%\">15:00<\/td><td><\/td><\/tr><tr><td>12<\/td><td width=\"40%\">COMMERCIAL PRESENTATION: New technologies in the field of FTIR and Raman spectroscopy with focus on restoration applications (Optik Instruments, s.r.o.):<\/td><td width=\"25%\"><a class=\"speaker\" href=\"https:\/\/alma.educell.sk\/en\/index.php\/speaker\/david-matousek\/\">David Matou\u0161ek<\/a> <\/td><td width=\"20%\">15:10<\/td><td>Conference hall<\/td><\/tr><tr><td>13<\/td><td width=\"40%\">COMMERCIAL PRESENTATION:  Take lab-grade Raman power outside of the lab (Metrohm Sloveakia)<\/td><td width=\"25%\"><a class=\"speaker\" href=\"https:\/\/alma.educell.sk\/en\/index.php\/speaker\/milan-laska\/\">Milan L\u00e1ska<\/a> <\/td><td width=\"20%\">15:20<\/td><td>Conference hall<\/td><\/tr><tr><td>14<\/td><td width=\"40%\">COMMERCIAL PRESENTATION: New handheld ED-XRF spectrometers VANTA and their possibilities (BAS Rudice, s.r.o.)<\/td><td width=\"25%\"><a class=\"speaker\" href=\"https:\/\/alma.educell.sk\/en\/index.php\/speaker\/pavel-sevcik\/\">Pavel \u0160ev\u010d\u00edk<\/a> <\/td><td width=\"20%\">15:30<\/td><td>Conference hall<\/td><\/tr><tr><td>15<\/td><td width=\"40%\">COMMERCIAL PRESENTATION: Spectral techniques for evaluation of historic materials(Hermes LabSystems, s.r.o.) <\/td><td width=\"25%\"><a class=\"speaker\" href=\"https:\/\/alma.educell.sk\/en\/index.php\/speaker\/michal-karabin\/\">Michal Karab\u00edn<\/a> <\/td><td width=\"20%\">15:40<\/td><td>Conference hall<\/td><\/tr><tr><td>16<\/td><td width=\"40%\">Coffee + prossecco + Poster sessions<\/td><td width=\"25%\"><\/td><td width=\"20%\">15:50 - 17:00<\/td><td>Liszt Pavilion<\/td><\/tr><tr><td>17<\/td><td width=\"40%\">Social event (for registered participants) \u2013 a boat trip on the Danube accompanied by a banquet + live music <\/td><td width=\"25%\"><\/td><td width=\"20%\">18:00 - 21:00<\/td><td>Danube River Harbour<\/td><\/tr><\/tbody><\/table><\/div><\/div><\/div><\/div><\/div>[vc_empty_space height=&#8221;100px&#8221;]<div class=\"eventum-schedules layout-addon schedules-list \"><div class=\"eventum-schedule\"><div class=\"row\"><div class=\"col-xs-3 col-sm-2\"><div class=\"scedule-date\">18 <span>october, 2019<\/span><\/div><\/div><div class=\"col-xs-9 col-sm-10\"><div class=\"table-responsive\"><table class=\"table table-hover\"><thead><tr><th>Session III<\/th><th>Lecture \/ Activity<\/th><th>Speaker(s)<\/th><th>Time<\/th><th>Venue<\/th><\/tr><\/thead><tbody><tr><td>1<\/td><td width=\"40%\"> INSECT DYES IN TEXTILES FROM ROMANIAN COLLECTIONS<\/td><td width=\"25%\"><a class=\"speaker\" href=\"https:\/\/alma.educell.sk\/en\/index.php\/speaker\/irina-petroviciu-ileana-cretu\/\">Irina Petroviciu, Ileana Cre\u021bu<\/a> <\/td><td width=\"20%\">9:00<\/td><td>Conference hall<\/td><\/tr><tr><td>2<\/td><td width=\"40%\">BROWN-GRAY INKS IN ART COLLECTIONS<\/td><td width=\"25%\"><a class=\"speaker\" href=\"https:\/\/alma.educell.sk\/en\/index.php\/speaker\/milena-rehakova-izabela-vajova-katarina-vizarova-and-michal-ceppan\/\">Milena Reh\u00e1kov\u00e1, Izabela Vajov\u00e1, Katar\u00edna Viz\u00e1rov\u00e1 and Michal \u010ceppan<\/a> <\/td><td width=\"20%\">9:40<\/td><td>Conference hall<\/td><\/tr><tr><td>3<\/td><td width=\"40%\">COLOURS OF MINIATURES<\/td><td width=\"25%\"><a class=\"speaker\" href=\"https:\/\/alma.educell.sk\/en\/index.php\/speaker\/zuzana-sirillova-lenka-rydlova-janka-hradilova-michal-pech-olga-trmalova\/\">Zuzana \u0160irillov\u00e1, Lenka Rydlov\u00e1, Janka Hradilov\u00e1, Michal Pech, Olga Trmalov\u00e1<\/a> <\/td><td width=\"20%\">10:10<\/td><td>Conference hall<\/td><\/tr><tr><td>4<\/td><td width=\"40%\">EMERALD GREEN VS. SCHEELE\u2019S GREEN: EVIDENCE AND OCCURRENCE<\/td><td width=\"25%\"><a class=\"speaker\" href=\"https:\/\/alma.educell.sk\/en\/index.php\/speaker\/christoph-herm\/\">Christoph Herm<\/a> <\/td><td width=\"20%\">10:40<\/td><td>Conference hall<\/td><\/tr><tr><td>5<\/td><td width=\"40%\">Coffee break<\/td><td width=\"25%\"><\/td><td width=\"20%\">11:00 - 11:20<\/td><td><\/td><\/tr><tr><td>6<\/td><td width=\"40%\">LAPIS LAZULI STONES PROVENANCE BY XRL AND XRF<\/td><td width=\"25%\"><a class=\"speaker\" href=\"https:\/\/alma.educell.sk\/en\/index.php\/speaker\/miriam-saleh-s-samela-s-gallo-a-galli-and-l-bonizzoni\/\">Miriam Saleh, S. Samela, S. Gallo, A. Galli, and L. Bonizzoni<\/a> <\/td><td width=\"20%\">11:20<\/td><td>Conference hall<\/td><\/tr><tr><td>7<\/td><td width=\"40%\">CHARACTERIZATION AND HISTORY OF SMALT FROM GIERCZYN NEAR PRZECZNICA (POLAND)<\/td><td width=\"25%\"><a class=\"speaker\" href=\"https:\/\/alma.educell.sk\/en\/index.php\/speaker\/sylwia-svorova-pawelkowicz-michal-witkowski-petr-svora-barbara-wagner\/\">Sylwia Svorov\u00e1 Pawe\u0142kowicz, Micha\u0142 Witkowski, Petr Svora, Barbara Wagner<\/a> <\/td><td width=\"20%\">11:50<\/td><td>Conference hall<\/td><\/tr><tr><td>8<\/td><td width=\"40%\">Case study: INTERPRET\u00c1CIA DIELA SV\u00c4T\u00dd J\u00c1N KRSTITE\u013d JAKO DIE\u0164A A BAR\u00c1NKOM OD MELCHIORRA GHERARDINIHO (in slovak)<\/td><td width=\"25%\"><a class=\"speaker\" href=\"https:\/\/alma.educell.sk\/en\/index.php\/speaker\/zuzana-ludikova-stanislava-trginova-janka-hradilova-boris-blatny-radoslav-ragac\/\">Zuzana Ludikov\u00e1, Stanislava Trginov\u00e1, Janka Hradilov\u00e1, Boris Blatn\u00fd, Radoslav Raga\u010d<\/a> <\/td><td width=\"20%\">12:20<\/td><td>Conference hall<\/td><\/tr><tr><td>9<\/td><td width=\"40%\">Case study: RESTAUROV\u00c1N\u00cd OLT\u00c1\u0158E SV. ANNY Z KOSTELA SV. ANNY VE SMR\u010cKU (in czech)<\/td><td width=\"25%\"><a class=\"speaker\" href=\"https:\/\/alma.educell.sk\/en\/index.php\/speaker\/veronika-cinkova-eva-skarolkova\/\">Veronika Cinkov\u00e1, Eva Skarolkov\u00e1<\/a> <\/td><td width=\"20%\">12:50<\/td><td>Conference hall<\/td><\/tr><tr><td>10<\/td><td width=\"40%\">Closing remarks<\/td><td width=\"25%\"><\/td><td width=\"20%\">13:20<\/td><td>Conference hall<\/td><\/tr><tr><td>11<\/td><td width=\"40%\">Lunch<\/td><td width=\"25%\"><\/td><td width=\"20%\">13:30<\/td><td>Blue Study Room<\/td><\/tr><tr><td>12<\/td><td width=\"40%\">Conference excursion to Danubiana Meulensteen Art Museum of Modern Art (for registered participants) <\/td><td width=\"25%\"><\/td><td width=\"20%\">15:00<\/td><td> Danubiana Meulensteen Art Museum of Modern Art<\/td><\/tr><\/tbody><\/table><\/div><\/div><\/div><\/div><\/div>[\/vc_column][\/vc_row]<\/p>\n\r\n\r\n\r\n<p>&nbsp;<\/p>\r\n<h3 style=\"text-align: center;\"><strong>Complete program<\/strong> in PDF format can be downloaded <a href=\"https:\/\/www.alma-lab.cz\/userfiles\/files\/ALMA_2019_Preliminary_Programme.pdf\" target=\"_blank\" rel=\"noreferrer noopener\">here.<\/a><\/h3>\r\n<p>&nbsp;<\/p>\r\n","protected":false},"excerpt":{"rendered":"<p>&nbsp; Complete program in PDF format can be downloaded here. &nbsp;<\/p>\n","protected":false},"author":1,"featured_media":0,"parent":0,"menu_order":0,"comment_status":"closed","ping_status":"closed","template":"","meta":{"_monsterinsights_skip_tracking":false,"_monsterinsights_sitenote_active":false,"_monsterinsights_sitenote_note":"","_monsterinsights_sitenote_category":0},"yoast_head":"<!-- This site is optimized with the Yoast SEO plugin v17.5 - https:\/\/yoast.com\/wordpress\/plugins\/seo\/ -->\n<title>Program - ALMA Conference 2019<\/title>\n<meta name=\"robots\" content=\"index, follow, max-snippet:-1, max-image-preview:large, max-video-preview:-1\" \/>\n<link rel=\"canonical\" href=\"https:\/\/alma.educell.sk\/en\/index.php\/program\/\" \/>\n<meta property=\"og:locale\" content=\"en_US\" \/>\n<meta property=\"og:type\" content=\"article\" \/>\n<meta property=\"og:title\" content=\"Program - ALMA Conference 2019\" \/>\n<meta property=\"og:description\" content=\"&nbsp; Complete program in PDF format can be downloaded here. &nbsp;\" \/>\n<meta property=\"og:url\" content=\"https:\/\/alma.educell.sk\/en\/index.php\/program\/\" \/>\n<meta property=\"og:site_name\" content=\"ALMA Conference 2019\" \/>\n<meta property=\"article:modified_time\" content=\"2019-10-11T12:09:48+00:00\" \/>\n<meta name=\"twitter:card\" content=\"summary_large_image\" \/>\n<script type=\"application\/ld+json\" class=\"yoast-schema-graph\">{\"@context\":\"https:\/\/schema.org\",\"@graph\":[{\"@type\":\"WebSite\",\"@id\":\"https:\/\/alma.educell.sk\/en\/#website\",\"url\":\"https:\/\/alma.educell.sk\/en\/\",\"name\":\"ALMA Conference 2019\",\"description\":\"7th interdiciplinary conference ALMA 2019\",\"potentialAction\":[{\"@type\":\"SearchAction\",\"target\":{\"@type\":\"EntryPoint\",\"urlTemplate\":\"https:\/\/alma.educell.sk\/en\/?s={search_term_string}\"},\"query-input\":\"required name=search_term_string\"}],\"inLanguage\":\"en-US\"},{\"@type\":\"WebPage\",\"@id\":\"https:\/\/alma.educell.sk\/en\/index.php\/program\/#webpage\",\"url\":\"https:\/\/alma.educell.sk\/en\/index.php\/program\/\",\"name\":\"Program - ALMA Conference 2019\",\"isPartOf\":{\"@id\":\"https:\/\/alma.educell.sk\/en\/#website\"},\"datePublished\":\"2019-10-11T12:00:15+00:00\",\"dateModified\":\"2019-10-11T12:09:48+00:00\",\"breadcrumb\":{\"@id\":\"https:\/\/alma.educell.sk\/en\/index.php\/program\/#breadcrumb\"},\"inLanguage\":\"en-US\",\"potentialAction\":[{\"@type\":\"ReadAction\",\"target\":[\"https:\/\/alma.educell.sk\/en\/index.php\/program\/\"]}]},{\"@type\":\"BreadcrumbList\",\"@id\":\"https:\/\/alma.educell.sk\/en\/index.php\/program\/#breadcrumb\",\"itemListElement\":[{\"@type\":\"ListItem\",\"position\":1,\"name\":\"Home\",\"item\":\"https:\/\/alma.educell.sk\/en\/\"},{\"@type\":\"ListItem\",\"position\":2,\"name\":\"Program\"}]}]}<\/script>\n<!-- \/ Yoast SEO plugin. -->","yoast_head_json":{"title":"Program - ALMA Conference 2019","robots":{"index":"index","follow":"follow","max-snippet":"max-snippet:-1","max-image-preview":"max-image-preview:large","max-video-preview":"max-video-preview:-1"},"canonical":"https:\/\/alma.educell.sk\/en\/index.php\/program\/","og_locale":"en_US","og_type":"article","og_title":"Program - ALMA Conference 2019","og_description":"&nbsp; Complete program in PDF format can be downloaded here. &nbsp;","og_url":"https:\/\/alma.educell.sk\/en\/index.php\/program\/","og_site_name":"ALMA Conference 2019","article_modified_time":"2019-10-11T12:09:48+00:00","twitter_card":"summary_large_image","schema":{"@context":"https:\/\/schema.org","@graph":[{"@type":"WebSite","@id":"https:\/\/alma.educell.sk\/en\/#website","url":"https:\/\/alma.educell.sk\/en\/","name":"ALMA Conference 2019","description":"7th interdiciplinary conference ALMA 2019","potentialAction":[{"@type":"SearchAction","target":{"@type":"EntryPoint","urlTemplate":"https:\/\/alma.educell.sk\/en\/?s={search_term_string}"},"query-input":"required name=search_term_string"}],"inLanguage":"en-US"},{"@type":"WebPage","@id":"https:\/\/alma.educell.sk\/en\/index.php\/program\/#webpage","url":"https:\/\/alma.educell.sk\/en\/index.php\/program\/","name":"Program - ALMA Conference 2019","isPartOf":{"@id":"https:\/\/alma.educell.sk\/en\/#website"},"datePublished":"2019-10-11T12:00:15+00:00","dateModified":"2019-10-11T12:09:48+00:00","breadcrumb":{"@id":"https:\/\/alma.educell.sk\/en\/index.php\/program\/#breadcrumb"},"inLanguage":"en-US","potentialAction":[{"@type":"ReadAction","target":["https:\/\/alma.educell.sk\/en\/index.php\/program\/"]}]},{"@type":"BreadcrumbList","@id":"https:\/\/alma.educell.sk\/en\/index.php\/program\/#breadcrumb","itemListElement":[{"@type":"ListItem","position":1,"name":"Home","item":"https:\/\/alma.educell.sk\/en\/"},{"@type":"ListItem","position":2,"name":"Program"}]}]}},"_links":{"self":[{"href":"https:\/\/alma.educell.sk\/en\/index.php\/wp-json\/wp\/v2\/pages\/166"}],"collection":[{"href":"https:\/\/alma.educell.sk\/en\/index.php\/wp-json\/wp\/v2\/pages"}],"about":[{"href":"https:\/\/alma.educell.sk\/en\/index.php\/wp-json\/wp\/v2\/types\/page"}],"author":[{"embeddable":true,"href":"https:\/\/alma.educell.sk\/en\/index.php\/wp-json\/wp\/v2\/users\/1"}],"replies":[{"embeddable":true,"href":"https:\/\/alma.educell.sk\/en\/index.php\/wp-json\/wp\/v2\/comments?post=166"}],"version-history":[{"count":4,"href":"https:\/\/alma.educell.sk\/en\/index.php\/wp-json\/wp\/v2\/pages\/166\/revisions"}],"predecessor-version":[{"id":172,"href":"https:\/\/alma.educell.sk\/en\/index.php\/wp-json\/wp\/v2\/pages\/166\/revisions\/172"}],"wp:attachment":[{"href":"https:\/\/alma.educell.sk\/en\/index.php\/wp-json\/wp\/v2\/media?parent=166"}],"curies":[{"name":"wp","href":"https:\/\/api.w.org\/{rel}","templated":true}]}}