{"id":36,"date":"2019-03-01T15:04:56","date_gmt":"2019-03-01T15:04:56","guid":{"rendered":"http:\/\/alma.educell.sk\/en\/?page_id=36"},"modified":"2019-04-16T12:52:37","modified_gmt":"2019-04-16T12:52:37","slug":"hotels","status":"publish","type":"page","link":"https:\/\/alma.educell.sk\/en\/index.php\/hotels\/","title":{"rendered":"Hotels"},"content":{"rendered":"\n<h5>Organizers of the conference recommend <g class=\"gr_ gr_4 gr-alert gr_gramm gr_inline_cards gr_run_anim Grammar multiReplace\" id=\"4\" data-gr-id=\"4\">to book<\/g> the <g class=\"gr_ gr_3 gr-alert gr_spell gr_inline_cards gr_run_anim ContextualSpelling ins-del multiReplace\" id=\"3\" data-gr-id=\"3\">accomodations<\/g> at:<\/h5>\n\n\n\n<p><img loading=\"lazy\" src=\"https:\/\/alma.educell.sk\/en\/wp-content\/uploads\/2019\/04\/Hotel-Druzba.jpg\" alt=\"\" width=\"300\" height=\"200\" align=\"left\" class=\"alignnone size-full wp-image-65\"><strong>Hotel Dru\u017eba<\/strong> \u2013 youth hostel<br>Botanick\u00e1 25<br>842 14 Bratislava<br>Reception desk phone: +421 2 6542 0065, 6029 9111<br><a href=\"https:\/\/www.hoteldruzba.sk\/hotel-bratislava\/\">http:\/\/www.hotel-druzba.sk<\/a> , <a href=\"mailto:recepcia@druzba.uniba.sk\">recepcia@druzba.uniba.sk<\/a><\/p>\n\n\n<p>\u00a0<\/p>\n<p>\u00a0<\/p>\n<p>\u00a0<\/p>\n\n\n<p><\/p>\n\n\n\n<p><img loading=\"lazy\" src=\"https:\/\/alma.educell.sk\/en\/wp-content\/uploads\/2019\/04\/Hotel_Akademik.jpg\" alt=\"\" width=\"300\" height=\"225\" align=\"left\" class=\"alignnone size-full wp-image-67\"><strong>Hotel Akademik<\/strong><br>Vazovov\u00e1 1<br>811 07&nbsp; Bratislava<br>Reception desk phone : +421 918 664 027<br><a href=\"https:\/\/www.stuba.sk\/sk\/studentov\/studentske-domovy-stu-v-bratislave\/hotel-akademik.html?page_id=3328\">https:\/\/www.stuba.sk\/sk\/studentov\/studentske-domovy-stu-v-bratislave\/hotel-akademik.html?page_id=3328<\/a> , <a href=\"mailto:elena.trochtova@stuba.sk\">elena.trochtova@stuba.sk<\/a><\/p>\n\n\n<p>&nbsp;<\/p>\n<p>&nbsp;<\/p>\n<p>&nbsp;<\/p>\n\n\n<p><img loading=\"lazy\" src=\"https:\/\/alma.educell.sk\/en\/wp-content\/uploads\/2019\/04\/Hotel-Tatra.jpg\" alt=\"\" width=\"300\" height=\"225\" align=\"left\" class=\"alignnone size-full wp-image-66\"><strong>Hotel Tatra<\/strong><br>N\u00e1m. 1 m\u00e1ja 5<br>811 06 Bratislava<br>Tel.: +421 2 592 72 111<br>Mob.: +421 948 840 441<br><a href=\"http:\/\/www.hoteltatra.sk\/\">http:\/\/www.hoteltatra.sk<\/a>&nbsp;,&nbsp;<a href=\"mailto:rezervacie@hoteltatra.sk\">rezervacie@hoteltatra.sk<\/a>;&nbsp;<a href=\"mailto:frontdesk@hoteltatra.sk\">frontdesk@hoteltatra.sk<\/a><\/p>\n\n\n<p>&nbsp;<\/p>\n<p>&nbsp;<\/p>\n<p>&nbsp;<\/p>\n\n\n<p><img loading=\"lazy\" src=\"https:\/\/alma.educell.sk\/en\/wp-content\/uploads\/2019\/04\/Botel-Fairway.jpg\" alt=\"\" width=\"300\" height=\"225\" align=\"left\" class=\"alignnone size-full wp-image-63\"><strong>Botel Fairway<\/strong><br>N\u00e1br. arm. gen. L. Svobodu<br>811 02 Bratislava, Slovensko<br>Reception desk phone : +421 2 5441 2090; +421 2 5441 2207<br><a href=\"mailto:recepcia@botelfairway.sk\">recepcia@botelfairway.sk<\/a><\/p>\n\n\n<p>&nbsp;<\/p>\n<p>&nbsp;<\/p>\n<p>&nbsp;<\/p>\n<p>&nbsp;<\/p>\n\n\n<p><img loading=\"lazy\" src=\"https:\/\/alma.educell.sk\/en\/wp-content\/uploads\/2019\/04\/Botel-Gracia.jpg\" alt=\"\" width=\"300\" height=\"185\" align=\"left\" class=\"alignnone size-full wp-image-64\"><strong>Botel Gracia<\/strong><br>R\u00e1zusovo n\u00e1bre\u017eie<br>811 02 Bratislava<br>Reception desk phone : +421 2 544 32 132;<br><a href=\"http:\/\/www.botelgracia.sk\/\">http:\/\/www.botelgracia.sk\/<\/a> , <a href=\"mailto:hotel@botelgracia.sk\">hotel@botelgracia.sk<\/a><\/p>\n","protected":false},"excerpt":{"rendered":"<p>Organizers of the conference recommend to book the accomodations at: Hotel Dru\u017eba \u2013 youth hostelBotanick\u00e1 25842 14 BratislavaReception desk phone: +421 2 6542 0065, 6029 9111http:\/\/www.hotel-druzba.sk , recepcia@druzba.uniba.sk \u00a0 \u00a0 \u00a0 Hotel AkademikVazovov\u00e1 1811 07&nbsp; BratislavaReception desk phone : +421 918 664 027https:\/\/www.stuba.sk\/sk\/studentov\/studentske-domovy-stu-v-bratislave\/hotel-akademik.html?page_id=3328 , elena.trochtova@stuba.sk &nbsp; &nbsp; &nbsp; Hotel TatraN\u00e1m. 1 m\u00e1ja 5811 06 BratislavaTel.:&nbsp;<\/p>\n<p><a class=\"btn btn-style\" href=\"https:\/\/alma.educell.sk\/en\/index.php\/hotels\/\">Continue Reading<\/a><\/p>\n","protected":false},"author":1,"featured_media":0,"parent":0,"menu_order":0,"comment_status":"closed","ping_status":"closed","template":"","meta":{"_monsterinsights_skip_tracking":false,"_monsterinsights_sitenote_active":false,"_monsterinsights_sitenote_note":"","_monsterinsights_sitenote_category":0},"yoast_head":"<!-- This site is optimized with the Yoast SEO plugin v17.5 - https:\/\/yoast.com\/wordpress\/plugins\/seo\/ -->\n<title>Hotels - ALMA Conference 2019<\/title>\n<meta name=\"robots\" content=\"index, follow, max-snippet:-1, max-image-preview:large, max-video-preview:-1\" \/>\n<link rel=\"canonical\" href=\"https:\/\/alma.educell.sk\/en\/index.php\/hotels\/\" \/>\n<meta property=\"og:locale\" content=\"en_US\" \/>\n<meta property=\"og:type\" content=\"article\" \/>\n<meta property=\"og:title\" content=\"Hotels - ALMA Conference 2019\" \/>\n<meta property=\"og:description\" content=\"Organizers of the conference recommend to book the accomodations at: Hotel Dru\u017eba \u2013 youth hostelBotanick\u00e1 25842 14 BratislavaReception desk phone: +421 2 6542 0065, 6029 9111http:\/\/www.hotel-druzba.sk , recepcia@druzba.uniba.sk \u00a0 \u00a0 \u00a0 Hotel AkademikVazovov\u00e1 1811 07&nbsp; BratislavaReception desk phone : +421 918 664 027https:\/\/www.stuba.sk\/sk\/studentov\/studentske-domovy-stu-v-bratislave\/hotel-akademik.html?page_id=3328 , elena.trochtova@stuba.sk &nbsp; &nbsp; &nbsp; Hotel TatraN\u00e1m. 1 m\u00e1ja 5811 06 BratislavaTel.:&nbsp;Continue Reading\" \/>\n<meta property=\"og:url\" content=\"https:\/\/alma.educell.sk\/en\/index.php\/hotels\/\" \/>\n<meta property=\"og:site_name\" content=\"ALMA Conference 2019\" \/>\n<meta property=\"article:modified_time\" content=\"2019-04-16T12:52:37+00:00\" \/>\n<meta property=\"og:image\" content=\"https:\/\/alma.educell.sk\/en\/wp-content\/uploads\/2019\/04\/Hotel-Druzba.jpg\" \/>\n<meta name=\"twitter:card\" content=\"summary_large_image\" \/>\n<meta name=\"twitter:label1\" content=\"Est. reading time\" \/>\n\t<meta name=\"twitter:data1\" content=\"1 minute\" \/>\n<script type=\"application\/ld+json\" class=\"yoast-schema-graph\">{\"@context\":\"https:\/\/schema.org\",\"@graph\":[{\"@type\":\"WebSite\",\"@id\":\"https:\/\/alma.educell.sk\/en\/#website\",\"url\":\"https:\/\/alma.educell.sk\/en\/\",\"name\":\"ALMA Conference 2019\",\"description\":\"7th interdiciplinary conference ALMA 2019\",\"potentialAction\":[{\"@type\":\"SearchAction\",\"target\":{\"@type\":\"EntryPoint\",\"urlTemplate\":\"https:\/\/alma.educell.sk\/en\/?s={search_term_string}\"},\"query-input\":\"required name=search_term_string\"}],\"inLanguage\":\"en-US\"},{\"@type\":\"ImageObject\",\"@id\":\"https:\/\/alma.educell.sk\/en\/index.php\/hotels\/#primaryimage\",\"inLanguage\":\"en-US\",\"url\":\"https:\/\/alma.educell.sk\/en\/wp-content\/uploads\/2019\/04\/Hotel-Druzba.jpg\",\"contentUrl\":\"https:\/\/alma.educell.sk\/en\/wp-content\/uploads\/2019\/04\/Hotel-Druzba.jpg\",\"width\":300,\"height\":200},{\"@type\":\"WebPage\",\"@id\":\"https:\/\/alma.educell.sk\/en\/index.php\/hotels\/#webpage\",\"url\":\"https:\/\/alma.educell.sk\/en\/index.php\/hotels\/\",\"name\":\"Hotels - ALMA Conference 2019\",\"isPartOf\":{\"@id\":\"https:\/\/alma.educell.sk\/en\/#website\"},\"primaryImageOfPage\":{\"@id\":\"https:\/\/alma.educell.sk\/en\/index.php\/hotels\/#primaryimage\"},\"datePublished\":\"2019-03-01T15:04:56+00:00\",\"dateModified\":\"2019-04-16T12:52:37+00:00\",\"breadcrumb\":{\"@id\":\"https:\/\/alma.educell.sk\/en\/index.php\/hotels\/#breadcrumb\"},\"inLanguage\":\"en-US\",\"potentialAction\":[{\"@type\":\"ReadAction\",\"target\":[\"https:\/\/alma.educell.sk\/en\/index.php\/hotels\/\"]}]},{\"@type\":\"BreadcrumbList\",\"@id\":\"https:\/\/alma.educell.sk\/en\/index.php\/hotels\/#breadcrumb\",\"itemListElement\":[{\"@type\":\"ListItem\",\"position\":1,\"name\":\"Home\",\"item\":\"https:\/\/alma.educell.sk\/en\/\"},{\"@type\":\"ListItem\",\"position\":2,\"name\":\"Hotels\"}]}]}<\/script>\n<!-- \/ Yoast SEO plugin. -->","yoast_head_json":{"title":"Hotels - ALMA Conference 2019","robots":{"index":"index","follow":"follow","max-snippet":"max-snippet:-1","max-image-preview":"max-image-preview:large","max-video-preview":"max-video-preview:-1"},"canonical":"https:\/\/alma.educell.sk\/en\/index.php\/hotels\/","og_locale":"en_US","og_type":"article","og_title":"Hotels - ALMA Conference 2019","og_description":"Organizers of the conference recommend to book the accomodations at: Hotel Dru\u017eba \u2013 youth hostelBotanick\u00e1 25842 14 BratislavaReception desk phone: +421 2 6542 0065, 6029 9111http:\/\/www.hotel-druzba.sk , recepcia@druzba.uniba.sk \u00a0 \u00a0 \u00a0 Hotel AkademikVazovov\u00e1 1811 07&nbsp; BratislavaReception desk phone : +421 918 664 027https:\/\/www.stuba.sk\/sk\/studentov\/studentske-domovy-stu-v-bratislave\/hotel-akademik.html?page_id=3328 , elena.trochtova@stuba.sk &nbsp; &nbsp; &nbsp; Hotel TatraN\u00e1m. 1 m\u00e1ja 5811 06 BratislavaTel.:&nbsp;Continue Reading","og_url":"https:\/\/alma.educell.sk\/en\/index.php\/hotels\/","og_site_name":"ALMA Conference 2019","article_modified_time":"2019-04-16T12:52:37+00:00","og_image":[{"url":"https:\/\/alma.educell.sk\/en\/wp-content\/uploads\/2019\/04\/Hotel-Druzba.jpg"}],"twitter_card":"summary_large_image","twitter_misc":{"Est. reading time":"1 minute"},"schema":{"@context":"https:\/\/schema.org","@graph":[{"@type":"WebSite","@id":"https:\/\/alma.educell.sk\/en\/#website","url":"https:\/\/alma.educell.sk\/en\/","name":"ALMA Conference 2019","description":"7th interdiciplinary conference ALMA 2019","potentialAction":[{"@type":"SearchAction","target":{"@type":"EntryPoint","urlTemplate":"https:\/\/alma.educell.sk\/en\/?s={search_term_string}"},"query-input":"required name=search_term_string"}],"inLanguage":"en-US"},{"@type":"ImageObject","@id":"https:\/\/alma.educell.sk\/en\/index.php\/hotels\/#primaryimage","inLanguage":"en-US","url":"https:\/\/alma.educell.sk\/en\/wp-content\/uploads\/2019\/04\/Hotel-Druzba.jpg","contentUrl":"https:\/\/alma.educell.sk\/en\/wp-content\/uploads\/2019\/04\/Hotel-Druzba.jpg","width":300,"height":200},{"@type":"WebPage","@id":"https:\/\/alma.educell.sk\/en\/index.php\/hotels\/#webpage","url":"https:\/\/alma.educell.sk\/en\/index.php\/hotels\/","name":"Hotels - ALMA Conference 2019","isPartOf":{"@id":"https:\/\/alma.educell.sk\/en\/#website"},"primaryImageOfPage":{"@id":"https:\/\/alma.educell.sk\/en\/index.php\/hotels\/#primaryimage"},"datePublished":"2019-03-01T15:04:56+00:00","dateModified":"2019-04-16T12:52:37+00:00","breadcrumb":{"@id":"https:\/\/alma.educell.sk\/en\/index.php\/hotels\/#breadcrumb"},"inLanguage":"en-US","potentialAction":[{"@type":"ReadAction","target":["https:\/\/alma.educell.sk\/en\/index.php\/hotels\/"]}]},{"@type":"BreadcrumbList","@id":"https:\/\/alma.educell.sk\/en\/index.php\/hotels\/#breadcrumb","itemListElement":[{"@type":"ListItem","position":1,"name":"Home","item":"https:\/\/alma.educell.sk\/en\/"},{"@type":"ListItem","position":2,"name":"Hotels"}]}]}},"_links":{"self":[{"href":"https:\/\/alma.educell.sk\/en\/index.php\/wp-json\/wp\/v2\/pages\/36"}],"collection":[{"href":"https:\/\/alma.educell.sk\/en\/index.php\/wp-json\/wp\/v2\/pages"}],"about":[{"href":"https:\/\/alma.educell.sk\/en\/index.php\/wp-json\/wp\/v2\/types\/page"}],"author":[{"embeddable":true,"href":"https:\/\/alma.educell.sk\/en\/index.php\/wp-json\/wp\/v2\/users\/1"}],"replies":[{"embeddable":true,"href":"https:\/\/alma.educell.sk\/en\/index.php\/wp-json\/wp\/v2\/comments?post=36"}],"version-history":[{"count":6,"href":"https:\/\/alma.educell.sk\/en\/index.php\/wp-json\/wp\/v2\/pages\/36\/revisions"}],"predecessor-version":[{"id":72,"href":"https:\/\/alma.educell.sk\/en\/index.php\/wp-json\/wp\/v2\/pages\/36\/revisions\/72"}],"wp:attachment":[{"href":"https:\/\/alma.educell.sk\/en\/index.php\/wp-json\/wp\/v2\/media?parent=36"}],"curies":[{"name":"wp","href":"https:\/\/api.w.org\/{rel}","templated":true}]}}