{"id":39,"date":"2019-03-01T15:11:48","date_gmt":"2019-03-01T15:11:48","guid":{"rendered":"http:\/\/alma.educell.sk\/en\/?page_id=39"},"modified":"2019-03-01T15:11:51","modified_gmt":"2019-03-01T15:11:51","slug":"payment-instructions","status":"publish","type":"page","link":"https:\/\/alma.educell.sk\/en\/index.php\/payment-instructions\/","title":{"rendered":"Payment instructions"},"content":{"rendered":"\n<h4>Conference fee can be paid by bank wire transfer to:<\/h4>\n\n\n\n<div class=\"wp-block-image\"><figure class=\"alignright is-resized\"><img loading=\"lazy\" src=\"http:\/\/alma.educell.sk\/en\/wp-content\/uploads\/2019\/03\/bank-transfer-150x150.png\" alt=\"\" class=\"wp-image-40\" width=\"117\" height=\"117\" srcset=\"https:\/\/alma.educell.sk\/en\/wp-content\/uploads\/2019\/03\/bank-transfer-150x150.png 150w, https:\/\/alma.educell.sk\/en\/wp-content\/uploads\/2019\/03\/bank-transfer-150x150-100x100.png 100w\" sizes=\"(max-width: 117px) 100vw, 117px\" \/><\/figure><\/div>\n\n\n\n<p><strong>IBAN:<\/strong>\u00a0SK22 0200 0000 0017 0063 9053<br><strong>Variable symbol:<\/strong>  ALMA2019  (<strong>DO NOT FORGET TO INCLUDE IT!<\/strong>)<br><strong>SWIFT:<\/strong>\u00a0SUBASKBX<br><strong>Bank:<\/strong>\u00a0V\u00daB, a.s., Gork\u00e9ho 7, 813 20 Bratislava, Slovakia<\/p>\n\n\n\n<p><strong>Owner:<\/strong>&nbsp;Slovak Chemical Society<br>Radlinsk\u00e9ho 9<br>812 15 Bratislava<br>Slovakia<\/p>\n\n\n\n<p>Company ID number : 178 900<br>Tax ID number : 2020801563<\/p>\n\n\n\n<h5>In the \u201cMessage to the recipient\u201d, please, do not forget to include your name\/names for identification!<\/h5>\n","protected":false},"excerpt":{"rendered":"<p>Conference fee can be paid by bank wire transfer to: IBAN:\u00a0SK22 0200 0000 0017 0063 9053Variable symbol: ALMA2019 (DO NOT FORGET TO INCLUDE IT!)SWIFT:\u00a0SUBASKBXBank:\u00a0V\u00daB, a.s., Gork\u00e9ho 7, 813 20 Bratislava, Slovakia Owner:&nbsp;Slovak Chemical SocietyRadlinsk\u00e9ho 9812 15 BratislavaSlovakia Company ID number : 178 900Tax ID number : 2020801563 In the \u201cMessage to the recipient\u201d, please, do&nbsp;<\/p>\n<p><a class=\"btn btn-style\" href=\"https:\/\/alma.educell.sk\/en\/index.php\/payment-instructions\/\">Continue Reading<\/a><\/p>\n","protected":false},"author":1,"featured_media":0,"parent":0,"menu_order":0,"comment_status":"closed","ping_status":"closed","template":"","meta":{"_monsterinsights_skip_tracking":false,"_monsterinsights_sitenote_active":false,"_monsterinsights_sitenote_note":"","_monsterinsights_sitenote_category":0},"yoast_head":"<!-- This site is optimized with the Yoast SEO plugin v17.5 - https:\/\/yoast.com\/wordpress\/plugins\/seo\/ -->\n<title>Payment instructions - ALMA Conference 2019<\/title>\n<meta name=\"robots\" content=\"index, follow, max-snippet:-1, max-image-preview:large, max-video-preview:-1\" \/>\n<link rel=\"canonical\" href=\"https:\/\/alma.educell.sk\/en\/index.php\/payment-instructions\/\" \/>\n<meta property=\"og:locale\" content=\"en_US\" \/>\n<meta property=\"og:type\" content=\"article\" \/>\n<meta property=\"og:title\" content=\"Payment instructions - ALMA Conference 2019\" \/>\n<meta property=\"og:description\" content=\"Conference fee can be paid by bank wire transfer to: IBAN:\u00a0SK22 0200 0000 0017 0063 9053Variable symbol: ALMA2019 (DO NOT FORGET TO INCLUDE IT!)SWIFT:\u00a0SUBASKBXBank:\u00a0V\u00daB, a.s., Gork\u00e9ho 7, 813 20 Bratislava, Slovakia Owner:&nbsp;Slovak Chemical SocietyRadlinsk\u00e9ho 9812 15 BratislavaSlovakia Company ID number : 178 900Tax ID number : 2020801563 In the \u201cMessage to the recipient\u201d, please, do&nbsp;Continue Reading\" \/>\n<meta property=\"og:url\" content=\"https:\/\/alma.educell.sk\/en\/index.php\/payment-instructions\/\" \/>\n<meta property=\"og:site_name\" content=\"ALMA Conference 2019\" \/>\n<meta property=\"article:modified_time\" content=\"2019-03-01T15:11:51+00:00\" \/>\n<meta property=\"og:image\" content=\"http:\/\/alma.educell.sk\/en\/wp-content\/uploads\/2019\/03\/bank-transfer-150x150.png\" \/>\n<meta name=\"twitter:card\" content=\"summary_large_image\" \/>\n<script type=\"application\/ld+json\" class=\"yoast-schema-graph\">{\"@context\":\"https:\/\/schema.org\",\"@graph\":[{\"@type\":\"WebSite\",\"@id\":\"https:\/\/alma.educell.sk\/en\/#website\",\"url\":\"https:\/\/alma.educell.sk\/en\/\",\"name\":\"ALMA Conference 2019\",\"description\":\"7th interdiciplinary conference ALMA 2019\",\"potentialAction\":[{\"@type\":\"SearchAction\",\"target\":{\"@type\":\"EntryPoint\",\"urlTemplate\":\"https:\/\/alma.educell.sk\/en\/?s={search_term_string}\"},\"query-input\":\"required name=search_term_string\"}],\"inLanguage\":\"en-US\"},{\"@type\":\"ImageObject\",\"@id\":\"https:\/\/alma.educell.sk\/en\/index.php\/payment-instructions\/#primaryimage\",\"inLanguage\":\"en-US\",\"url\":\"http:\/\/alma.educell.sk\/en\/wp-content\/uploads\/2019\/03\/bank-transfer-150x150.png\",\"contentUrl\":\"http:\/\/alma.educell.sk\/en\/wp-content\/uploads\/2019\/03\/bank-transfer-150x150.png\"},{\"@type\":\"WebPage\",\"@id\":\"https:\/\/alma.educell.sk\/en\/index.php\/payment-instructions\/#webpage\",\"url\":\"https:\/\/alma.educell.sk\/en\/index.php\/payment-instructions\/\",\"name\":\"Payment instructions - ALMA Conference 2019\",\"isPartOf\":{\"@id\":\"https:\/\/alma.educell.sk\/en\/#website\"},\"primaryImageOfPage\":{\"@id\":\"https:\/\/alma.educell.sk\/en\/index.php\/payment-instructions\/#primaryimage\"},\"datePublished\":\"2019-03-01T15:11:48+00:00\",\"dateModified\":\"2019-03-01T15:11:51+00:00\",\"breadcrumb\":{\"@id\":\"https:\/\/alma.educell.sk\/en\/index.php\/payment-instructions\/#breadcrumb\"},\"inLanguage\":\"en-US\",\"potentialAction\":[{\"@type\":\"ReadAction\",\"target\":[\"https:\/\/alma.educell.sk\/en\/index.php\/payment-instructions\/\"]}]},{\"@type\":\"BreadcrumbList\",\"@id\":\"https:\/\/alma.educell.sk\/en\/index.php\/payment-instructions\/#breadcrumb\",\"itemListElement\":[{\"@type\":\"ListItem\",\"position\":1,\"name\":\"Home\",\"item\":\"https:\/\/alma.educell.sk\/en\/\"},{\"@type\":\"ListItem\",\"position\":2,\"name\":\"Payment instructions\"}]}]}<\/script>\n<!-- \/ Yoast SEO plugin. -->","yoast_head_json":{"title":"Payment instructions - ALMA Conference 2019","robots":{"index":"index","follow":"follow","max-snippet":"max-snippet:-1","max-image-preview":"max-image-preview:large","max-video-preview":"max-video-preview:-1"},"canonical":"https:\/\/alma.educell.sk\/en\/index.php\/payment-instructions\/","og_locale":"en_US","og_type":"article","og_title":"Payment instructions - ALMA Conference 2019","og_description":"Conference fee can be paid by bank wire transfer to: IBAN:\u00a0SK22 0200 0000 0017 0063 9053Variable symbol: ALMA2019 (DO NOT FORGET TO INCLUDE IT!)SWIFT:\u00a0SUBASKBXBank:\u00a0V\u00daB, a.s., Gork\u00e9ho 7, 813 20 Bratislava, Slovakia Owner:&nbsp;Slovak Chemical SocietyRadlinsk\u00e9ho 9812 15 BratislavaSlovakia Company ID number : 178 900Tax ID number : 2020801563 In the \u201cMessage to the recipient\u201d, please, do&nbsp;Continue Reading","og_url":"https:\/\/alma.educell.sk\/en\/index.php\/payment-instructions\/","og_site_name":"ALMA Conference 2019","article_modified_time":"2019-03-01T15:11:51+00:00","og_image":[{"url":"http:\/\/alma.educell.sk\/en\/wp-content\/uploads\/2019\/03\/bank-transfer-150x150.png"}],"twitter_card":"summary_large_image","schema":{"@context":"https:\/\/schema.org","@graph":[{"@type":"WebSite","@id":"https:\/\/alma.educell.sk\/en\/#website","url":"https:\/\/alma.educell.sk\/en\/","name":"ALMA Conference 2019","description":"7th interdiciplinary conference ALMA 2019","potentialAction":[{"@type":"SearchAction","target":{"@type":"EntryPoint","urlTemplate":"https:\/\/alma.educell.sk\/en\/?s={search_term_string}"},"query-input":"required name=search_term_string"}],"inLanguage":"en-US"},{"@type":"ImageObject","@id":"https:\/\/alma.educell.sk\/en\/index.php\/payment-instructions\/#primaryimage","inLanguage":"en-US","url":"http:\/\/alma.educell.sk\/en\/wp-content\/uploads\/2019\/03\/bank-transfer-150x150.png","contentUrl":"http:\/\/alma.educell.sk\/en\/wp-content\/uploads\/2019\/03\/bank-transfer-150x150.png"},{"@type":"WebPage","@id":"https:\/\/alma.educell.sk\/en\/index.php\/payment-instructions\/#webpage","url":"https:\/\/alma.educell.sk\/en\/index.php\/payment-instructions\/","name":"Payment instructions - ALMA Conference 2019","isPartOf":{"@id":"https:\/\/alma.educell.sk\/en\/#website"},"primaryImageOfPage":{"@id":"https:\/\/alma.educell.sk\/en\/index.php\/payment-instructions\/#primaryimage"},"datePublished":"2019-03-01T15:11:48+00:00","dateModified":"2019-03-01T15:11:51+00:00","breadcrumb":{"@id":"https:\/\/alma.educell.sk\/en\/index.php\/payment-instructions\/#breadcrumb"},"inLanguage":"en-US","potentialAction":[{"@type":"ReadAction","target":["https:\/\/alma.educell.sk\/en\/index.php\/payment-instructions\/"]}]},{"@type":"BreadcrumbList","@id":"https:\/\/alma.educell.sk\/en\/index.php\/payment-instructions\/#breadcrumb","itemListElement":[{"@type":"ListItem","position":1,"name":"Home","item":"https:\/\/alma.educell.sk\/en\/"},{"@type":"ListItem","position":2,"name":"Payment instructions"}]}]}},"_links":{"self":[{"href":"https:\/\/alma.educell.sk\/en\/index.php\/wp-json\/wp\/v2\/pages\/39"}],"collection":[{"href":"https:\/\/alma.educell.sk\/en\/index.php\/wp-json\/wp\/v2\/pages"}],"about":[{"href":"https:\/\/alma.educell.sk\/en\/index.php\/wp-json\/wp\/v2\/types\/page"}],"author":[{"embeddable":true,"href":"https:\/\/alma.educell.sk\/en\/index.php\/wp-json\/wp\/v2\/users\/1"}],"replies":[{"embeddable":true,"href":"https:\/\/alma.educell.sk\/en\/index.php\/wp-json\/wp\/v2\/comments?post=39"}],"version-history":[{"count":1,"href":"https:\/\/alma.educell.sk\/en\/index.php\/wp-json\/wp\/v2\/pages\/39\/revisions"}],"predecessor-version":[{"id":41,"href":"https:\/\/alma.educell.sk\/en\/index.php\/wp-json\/wp\/v2\/pages\/39\/revisions\/41"}],"wp:attachment":[{"href":"https:\/\/alma.educell.sk\/en\/index.php\/wp-json\/wp\/v2\/media?parent=39"}],"curies":[{"name":"wp","href":"https:\/\/api.w.org\/{rel}","templated":true}]}}