{"id":81,"date":"2019-09-26T07:03:08","date_gmt":"2019-09-26T07:03:08","guid":{"rendered":"https:\/\/alma.educell.sk\/en\/?page_id=81"},"modified":"2019-10-01T09:47:47","modified_gmt":"2019-10-01T09:47:47","slug":"venue","status":"publish","type":"page","link":"https:\/\/alma.educell.sk\/en\/index.php\/venue\/","title":{"rendered":"Venue"},"content":{"rendered":"\n<p style=\"text-align:center\">The conference will take place in the premises of the <a href=\"https:\/\/www.ulib.sk\/en\/\">University Library in Bratislava<\/a>. The library is situated right in the heart of historic Bratislava, in close proximity to all well-known sights of Bratislava, such as the Primate&#8217;s Palace, the Main Square, the Slovak National Theater, Reduta, the Coronation Cathedral of St. Martin, Mirbach Palace, Michalska Tower or Old Town Hall. The main entrance to the University Library is located on <a rel=\"noreferrer noopener\" aria-label=\"Vent\u00farska Street no. 11 (opens in a new tab)\" href=\"https:\/\/www.google.com\/maps\/place\/Univerzitn%C3%A1+kni%C5%BEnica\/@48.1434471,17.1067774,19z\/data=!4m5!3m4!1s0x476c895d2580af2d:0x7aeb1ccab8fa7e97!8m2!3d48.1434875!4d17.1064026?hl=sk\" target=\"_blank\">Vent\u00farska Street no. 11<\/a><\/p>\n\n\n\n<div class=\"wp-block-image\"><figure class=\"aligncenter\"><img loading=\"lazy\" width=\"1024\" height=\"550\" src=\"https:\/\/alma.educell.sk\/en\/wp-content\/uploads\/2019\/09\/UKBA_Vchod2-1024x550.jpg\" alt=\"\" class=\"wp-image-82\" srcset=\"https:\/\/alma.educell.sk\/en\/wp-content\/uploads\/2019\/09\/UKBA_Vchod2-1024x550.jpg 1024w, https:\/\/alma.educell.sk\/en\/wp-content\/uploads\/2019\/09\/UKBA_Vchod2-300x161.jpg 300w, https:\/\/alma.educell.sk\/en\/wp-content\/uploads\/2019\/09\/UKBA_Vchod2-768x412.jpg 768w, https:\/\/alma.educell.sk\/en\/wp-content\/uploads\/2019\/09\/UKBA_Vchod2-600x322.jpg 600w, https:\/\/alma.educell.sk\/en\/wp-content\/uploads\/2019\/09\/UKBA_Vchod2.jpg 1650w\" sizes=\"(max-width: 1024px) 100vw, 1024px\" \/><figcaption>The main entrance to the library from Vent\u00farska street<br><br><br><\/figcaption><\/figure><\/div>\n\n\n\n<div class=\"wp-block-image\"><figure class=\"aligncenter\"><img loading=\"lazy\" width=\"800\" height=\"514\" src=\"https:\/\/alma.educell.sk\/en\/wp-content\/uploads\/2019\/09\/UKB-Mapa.jpg\" alt=\"\" class=\"wp-image-83\" srcset=\"https:\/\/alma.educell.sk\/en\/wp-content\/uploads\/2019\/09\/UKB-Mapa.jpg 800w, https:\/\/alma.educell.sk\/en\/wp-content\/uploads\/2019\/09\/UKB-Mapa-300x193.jpg 300w, https:\/\/alma.educell.sk\/en\/wp-content\/uploads\/2019\/09\/UKB-Mapa-768x493.jpg 768w, https:\/\/alma.educell.sk\/en\/wp-content\/uploads\/2019\/09\/UKB-Mapa-360x230.jpg 360w, https:\/\/alma.educell.sk\/en\/wp-content\/uploads\/2019\/09\/UKB-Mapa-94x60.jpg 94w, https:\/\/alma.educell.sk\/en\/wp-content\/uploads\/2019\/09\/UKB-Mapa-600x386.jpg 600w\" sizes=\"(max-width: 800px) 100vw, 800px\" \/><figcaption>Map of the Old town. Red arrows show the library buildings.<\/figcaption><\/figure><\/div>\n\n\n\n<h3 style=\"text-align:center\">How to get there?<\/h3>\n\n\n\n<p><\/p>\n\n\n\n<div class=\"wp-block-image\"><figure class=\"aligncenter\"><img loading=\"lazy\" width=\"100\" height=\"100\" src=\"https:\/\/alma.educell.sk\/en\/wp-content\/uploads\/2019\/10\/train-e1569922405906.png\" alt=\"\" class=\"wp-image-90\"\/><figcaption>By train<\/figcaption><\/figure><\/div>\n\n\n\n<p style=\"text-align:center\">The best transport from the <strong>Main train station (Hlavn\u00e1 stanica)<\/strong>to the conference venue is by <strong>tram<\/strong> <strong>no. 1<\/strong> to SNP Square and then walk about 5-7 minutes to the library. You can also take the tram (any line) to the Blument\u00e1l stop and then change to line 4 to Chatam Sofer. In this case, it is necessary to get off at the Kapucinska stop and from there on foot to the city center. The entrance to the library is within a 5-minute walk. It is also possible at the Blument\u00e1l stop to change to line 3 to N\u00e1mestie SNP (SNP square). <\/p>\n\n\n\n<p style=\"text-align:center\">From <strong>Petr\u017ealka railway station<\/strong>: by bus no. 99, get off at Farsk\u00e9ho stop, change to tram no. 1, get off at \u0160af\u00e1rikovo n\u00e1mestie stop, then walk across the city center to Vent\u00farska street.<\/p>\n\n\n\n<p style=\"text-align:center\">For traveling by public transport you will need a 30-minute ticket from Main Station, which is transferable and therefore valid at all times on all routes. <\/p>\n\n\n\n<div class=\"wp-block-image\"><figure class=\"aligncenter\"><img loading=\"lazy\" width=\"100\" height=\"100\" src=\"https:\/\/alma.educell.sk\/en\/wp-content\/uploads\/2019\/10\/car-e1569922507515.png\" alt=\"\" class=\"wp-image-94\"\/><figcaption>By car<\/figcaption><\/figure><\/div>\n\n\n\n<p style=\"text-align:center\">If you are going to the conference <strong>by car<\/strong>, it should be remembered that the conference takes place in the historic center, where <strong>car entry is prohibited<\/strong> and therefore you will need to leave your car in one of the nearby paid (Tesco <a rel=\"noreferrer noopener\" href=\"https:\/\/www.google.com\/maps\/place\/Rajsk%C3%A1\/@48.1455036,17.111606,17z\/data=!4m12!1m6!3m5!1s0x476c89569a7b9edd:0xf88635a1d1e4af30!2sTesco!8m2!3d48.1455!4d17.1138!3m4!1s0x0:0x284981273290167f!8m2!3d48.1454926!4d17.1159583\" target=\"_blank\">Kamenn\u00e9 n\u00e1mestie<\/a>, <a rel=\"noreferrer noopener\" href=\"https:\/\/www.google.com\/maps\/place\/Gar%C3%A1%C5%BE+Centrum\/@48.1447965,17.1081585,18z\/data=!3m1!4b1!4m5!3m4!1s0x476c894337f8501b:0x18c646171be8c2b0!8m2!3d48.144795!4d17.1090811\" target=\"_blank\">Gar\u00e1\u017e Centrum<\/a>, <a rel=\"noreferrer noopener\" href=\"https:\/\/www.google.com\/maps\/place\/Parkovisko+Opera\/@48.1420877,17.1105344,18.5z\/data=!4m5!3m4!1s0x476c894243e4c40f:0x83b7e0c576312d2!8m2!3d48.1420865!4d17.1114003\" target=\"_blank\">Parkovisko Opera<\/a>)  or park free at more remote parking places (<a rel=\"noreferrer noopener\" href=\"https:\/\/www.google.com\/maps\/place\/TESCO+Zlat%C3%A9+piesky\/@48.1863898,17.1779647,17.75z\/data=!4m5!3m4!1s0x476c8efdf1214a77:0xcbd023c8e4b07634!8m2!3d48.1864!4d17.1792001\" target=\"_blank\">Tesco Zlat\u00e9 Piesky<\/a>, <a rel=\"noreferrer noopener\" href=\"https:\/\/www.google.com\/maps\/place\/Gal%C3%A9ria+Lama%C4%8D\/@48.1770548,17.0627652,17z\/data=!4m5!3m4!1s0x476c8c7b1c74fdd5:0xa8207ff733603e4e!8m2!3d48.1770512!4d17.0649592\" target=\"_blank\">OC Gal\u00e9ria Lama\u010d<\/a>, <a rel=\"noreferrer noopener\" href=\"https:\/\/www.google.com\/maps\/place\/Bory+Mall\/@48.2064486,17.03138,17z\/data=!3m1!4b1!4m5!3m4!1s0x476c8cdba19d965d:0x15f56b5a28d7c5ba!8m2!3d48.206445!4d17.033574\" target=\"_blank\">Bory Mall Lama\u010d<\/a>, and many others ) close to shopping centers at all entrances to the city and subsequent use of public transport to the city center.<\/p>\n\n\n\n<p><\/p>\n\n\n\n<div class=\"wp-block-image\"><figure class=\"aligncenter\"><img loading=\"lazy\" width=\"100\" height=\"100\" src=\"https:\/\/alma.educell.sk\/en\/wp-content\/uploads\/2019\/10\/airplane-e1569922473551.png\" alt=\"\" class=\"wp-image-91\"\/><figcaption>by plane<\/figcaption><\/figure><\/div>\n\n\n\n<p style=\"text-align:center\">From <strong>Bratislava airport<\/strong>: by bus no. 61, get off at Ra\u010dianske m\u00fdto stop, change to tram no. 3, get off at N\u00e1mestie SNP, then walk across the city center to Vent\u00farska Street.<\/p>\n\n\n\n<p style=\"text-align:center\">From <strong>Vienna-Schwechat Airport<\/strong>: boarding at the Slovak Lines, Flixbus or RegioJet stop in front of the main airport terminal, exit at the bus station under the New Bridge (Nov\u00fd most) and then walk to Vent\u00farska Street (it will take about 3 &#8211; 5 minutes).<\/p>\n\n\n\n<p><\/p>\n\n\n\n<div class=\"wp-block-image\"><figure class=\"aligncenter\"><img loading=\"lazy\" width=\"100\" height=\"100\" src=\"https:\/\/alma.educell.sk\/en\/wp-content\/uploads\/2019\/10\/bus-e1569922490467.png\" alt=\"\" class=\"wp-image-92\"\/><figcaption>By bus<\/figcaption><\/figure><\/div>\n\n\n\n<p style=\"text-align:center\">From the <strong>Mlynsk\u00e9 Nivy bus station<\/strong>: take bus <strong>no. 70<\/strong>, get off at the Mal\u00e1 sc\u00e9na theater stop, walk to \u0160af\u00e1rikovo square and cross the center of the city to Vent\u00farska street.<\/p>\n\n\n\n<p><\/p>\n\n\n\n<div class=\"wp-block-image\"><figure class=\"aligncenter\"><img loading=\"lazy\" width=\"100\" height=\"100\" src=\"https:\/\/alma.educell.sk\/en\/wp-content\/uploads\/2019\/10\/cruise-e1569922518841.png\" alt=\"\" class=\"wp-image-95\"\/><figcaption>By boat<\/figcaption><\/figure><\/div>\n\n\n\n<p style=\"text-align:center\">The <strong>Danube Harbor<\/strong> is only a few minutes&#8217; walk from the University Library (approx. 3-5 minutes).<\/p>\n","protected":false},"excerpt":{"rendered":"<p>The conference will take place in the premises of the University Library in Bratislava. The library is situated right in the heart of historic Bratislava, in close proximity to all well-known sights of Bratislava, such as the Primate&#8217;s Palace, the Main Square, the Slovak National Theater, Reduta, the Coronation Cathedral of St. Martin, Mirbach Palace,&nbsp;<\/p>\n<p><a class=\"btn btn-style\" href=\"https:\/\/alma.educell.sk\/en\/index.php\/venue\/\">Continue Reading<\/a><\/p>\n","protected":false},"author":1,"featured_media":0,"parent":0,"menu_order":0,"comment_status":"closed","ping_status":"closed","template":"","meta":{"_monsterinsights_skip_tracking":false,"_monsterinsights_sitenote_active":false,"_monsterinsights_sitenote_note":"","_monsterinsights_sitenote_category":0},"yoast_head":"<!-- This site is optimized with the Yoast SEO plugin v17.5 - https:\/\/yoast.com\/wordpress\/plugins\/seo\/ -->\n<title>Venue - ALMA Conference 2019<\/title>\n<meta name=\"robots\" content=\"index, follow, max-snippet:-1, max-image-preview:large, max-video-preview:-1\" \/>\n<link rel=\"canonical\" href=\"https:\/\/alma.educell.sk\/en\/index.php\/venue\/\" \/>\n<meta property=\"og:locale\" content=\"en_US\" \/>\n<meta property=\"og:type\" content=\"article\" \/>\n<meta property=\"og:title\" content=\"Venue - ALMA Conference 2019\" \/>\n<meta property=\"og:description\" content=\"The conference will take place in the premises of the University Library in Bratislava. The library is situated right in the heart of historic Bratislava, in close proximity to all well-known sights of Bratislava, such as the Primate&#8217;s Palace, the Main Square, the Slovak National Theater, Reduta, the Coronation Cathedral of St. Martin, Mirbach Palace,&nbsp;Continue Reading\" \/>\n<meta property=\"og:url\" content=\"https:\/\/alma.educell.sk\/en\/index.php\/venue\/\" \/>\n<meta property=\"og:site_name\" content=\"ALMA Conference 2019\" \/>\n<meta property=\"article:modified_time\" content=\"2019-10-01T09:47:47+00:00\" \/>\n<meta property=\"og:image\" content=\"https:\/\/alma.educell.sk\/en\/wp-content\/uploads\/2019\/09\/UKBA_Vchod2-1024x550.jpg\" \/>\n<meta name=\"twitter:card\" content=\"summary_large_image\" \/>\n<meta name=\"twitter:label1\" content=\"Est. reading time\" \/>\n\t<meta name=\"twitter:data1\" content=\"2 minutes\" \/>\n<script type=\"application\/ld+json\" class=\"yoast-schema-graph\">{\"@context\":\"https:\/\/schema.org\",\"@graph\":[{\"@type\":\"WebSite\",\"@id\":\"https:\/\/alma.educell.sk\/en\/#website\",\"url\":\"https:\/\/alma.educell.sk\/en\/\",\"name\":\"ALMA Conference 2019\",\"description\":\"7th interdiciplinary conference ALMA 2019\",\"potentialAction\":[{\"@type\":\"SearchAction\",\"target\":{\"@type\":\"EntryPoint\",\"urlTemplate\":\"https:\/\/alma.educell.sk\/en\/?s={search_term_string}\"},\"query-input\":\"required name=search_term_string\"}],\"inLanguage\":\"en-US\"},{\"@type\":\"ImageObject\",\"@id\":\"https:\/\/alma.educell.sk\/en\/index.php\/venue\/#primaryimage\",\"inLanguage\":\"en-US\",\"url\":\"https:\/\/alma.educell.sk\/en\/wp-content\/uploads\/2019\/09\/UKBA_Vchod2.jpg\",\"contentUrl\":\"https:\/\/alma.educell.sk\/en\/wp-content\/uploads\/2019\/09\/UKBA_Vchod2.jpg\",\"width\":1650,\"height\":886},{\"@type\":\"WebPage\",\"@id\":\"https:\/\/alma.educell.sk\/en\/index.php\/venue\/#webpage\",\"url\":\"https:\/\/alma.educell.sk\/en\/index.php\/venue\/\",\"name\":\"Venue - ALMA Conference 2019\",\"isPartOf\":{\"@id\":\"https:\/\/alma.educell.sk\/en\/#website\"},\"primaryImageOfPage\":{\"@id\":\"https:\/\/alma.educell.sk\/en\/index.php\/venue\/#primaryimage\"},\"datePublished\":\"2019-09-26T07:03:08+00:00\",\"dateModified\":\"2019-10-01T09:47:47+00:00\",\"breadcrumb\":{\"@id\":\"https:\/\/alma.educell.sk\/en\/index.php\/venue\/#breadcrumb\"},\"inLanguage\":\"en-US\",\"potentialAction\":[{\"@type\":\"ReadAction\",\"target\":[\"https:\/\/alma.educell.sk\/en\/index.php\/venue\/\"]}]},{\"@type\":\"BreadcrumbList\",\"@id\":\"https:\/\/alma.educell.sk\/en\/index.php\/venue\/#breadcrumb\",\"itemListElement\":[{\"@type\":\"ListItem\",\"position\":1,\"name\":\"Home\",\"item\":\"https:\/\/alma.educell.sk\/en\/\"},{\"@type\":\"ListItem\",\"position\":2,\"name\":\"Venue\"}]}]}<\/script>\n<!-- \/ Yoast SEO plugin. -->","yoast_head_json":{"title":"Venue - ALMA Conference 2019","robots":{"index":"index","follow":"follow","max-snippet":"max-snippet:-1","max-image-preview":"max-image-preview:large","max-video-preview":"max-video-preview:-1"},"canonical":"https:\/\/alma.educell.sk\/en\/index.php\/venue\/","og_locale":"en_US","og_type":"article","og_title":"Venue - ALMA Conference 2019","og_description":"The conference will take place in the premises of the University Library in Bratislava. The library is situated right in the heart of historic Bratislava, in close proximity to all well-known sights of Bratislava, such as the Primate&#8217;s Palace, the Main Square, the Slovak National Theater, Reduta, the Coronation Cathedral of St. Martin, Mirbach Palace,&nbsp;Continue Reading","og_url":"https:\/\/alma.educell.sk\/en\/index.php\/venue\/","og_site_name":"ALMA Conference 2019","article_modified_time":"2019-10-01T09:47:47+00:00","og_image":[{"url":"https:\/\/alma.educell.sk\/en\/wp-content\/uploads\/2019\/09\/UKBA_Vchod2-1024x550.jpg"}],"twitter_card":"summary_large_image","twitter_misc":{"Est. reading time":"2 minutes"},"schema":{"@context":"https:\/\/schema.org","@graph":[{"@type":"WebSite","@id":"https:\/\/alma.educell.sk\/en\/#website","url":"https:\/\/alma.educell.sk\/en\/","name":"ALMA Conference 2019","description":"7th interdiciplinary conference ALMA 2019","potentialAction":[{"@type":"SearchAction","target":{"@type":"EntryPoint","urlTemplate":"https:\/\/alma.educell.sk\/en\/?s={search_term_string}"},"query-input":"required name=search_term_string"}],"inLanguage":"en-US"},{"@type":"ImageObject","@id":"https:\/\/alma.educell.sk\/en\/index.php\/venue\/#primaryimage","inLanguage":"en-US","url":"https:\/\/alma.educell.sk\/en\/wp-content\/uploads\/2019\/09\/UKBA_Vchod2.jpg","contentUrl":"https:\/\/alma.educell.sk\/en\/wp-content\/uploads\/2019\/09\/UKBA_Vchod2.jpg","width":1650,"height":886},{"@type":"WebPage","@id":"https:\/\/alma.educell.sk\/en\/index.php\/venue\/#webpage","url":"https:\/\/alma.educell.sk\/en\/index.php\/venue\/","name":"Venue - ALMA Conference 2019","isPartOf":{"@id":"https:\/\/alma.educell.sk\/en\/#website"},"primaryImageOfPage":{"@id":"https:\/\/alma.educell.sk\/en\/index.php\/venue\/#primaryimage"},"datePublished":"2019-09-26T07:03:08+00:00","dateModified":"2019-10-01T09:47:47+00:00","breadcrumb":{"@id":"https:\/\/alma.educell.sk\/en\/index.php\/venue\/#breadcrumb"},"inLanguage":"en-US","potentialAction":[{"@type":"ReadAction","target":["https:\/\/alma.educell.sk\/en\/index.php\/venue\/"]}]},{"@type":"BreadcrumbList","@id":"https:\/\/alma.educell.sk\/en\/index.php\/venue\/#breadcrumb","itemListElement":[{"@type":"ListItem","position":1,"name":"Home","item":"https:\/\/alma.educell.sk\/en\/"},{"@type":"ListItem","position":2,"name":"Venue"}]}]}},"_links":{"self":[{"href":"https:\/\/alma.educell.sk\/en\/index.php\/wp-json\/wp\/v2\/pages\/81"}],"collection":[{"href":"https:\/\/alma.educell.sk\/en\/index.php\/wp-json\/wp\/v2\/pages"}],"about":[{"href":"https:\/\/alma.educell.sk\/en\/index.php\/wp-json\/wp\/v2\/types\/page"}],"author":[{"embeddable":true,"href":"https:\/\/alma.educell.sk\/en\/index.php\/wp-json\/wp\/v2\/users\/1"}],"replies":[{"embeddable":true,"href":"https:\/\/alma.educell.sk\/en\/index.php\/wp-json\/wp\/v2\/comments?post=81"}],"version-history":[{"count":6,"href":"https:\/\/alma.educell.sk\/en\/index.php\/wp-json\/wp\/v2\/pages\/81\/revisions"}],"predecessor-version":[{"id":102,"href":"https:\/\/alma.educell.sk\/en\/index.php\/wp-json\/wp\/v2\/pages\/81\/revisions\/102"}],"wp:attachment":[{"href":"https:\/\/alma.educell.sk\/en\/index.php\/wp-json\/wp\/v2\/media?parent=81"}],"curies":[{"name":"wp","href":"https:\/\/api.w.org\/{rel}","templated":true}]}}